{"id":18808,"date":"2020-11-16T17:52:43","date_gmt":"2020-11-16T17:52:43","guid":{"rendered":"https:\/\/www.caetanocoatings.pt\/?page_id=18808"},"modified":"2020-11-16T17:52:43","modified_gmt":"2020-11-16T17:52:43","slug":"18808-2","status":"publish","type":"page","link":"https:\/\/www.caetanocoatings.pt\/pt\/18808-2\/","title":{"rendered":""},"content":{"rendered":"<p class=\"qtranxs-available-languages-message qtranxs-available-languages-message-pt\">Desculpe, este conte\u00fado s\u00f3 est\u00e1 dispon\u00edvel em <a href=\"https:\/\/www.caetanocoatings.pt\/en\/wp-json\/wp\/v2\/pages\/18808\" class=\"qtranxs-available-language-link qtranxs-available-language-link-en\" title=\"English\">Ingl\u00eas (Eua)<\/a>.<\/p>","protected":false},"excerpt":{"rendered":"<p>Desculpe, este conte\u00fado s\u00f3 est\u00e1 dispon\u00edvel em Ingl\u00eas (Eua).<\/p>\n","protected":false},"author":1,"featured_media":0,"parent":0,"menu_order":0,"comment_status":"closed","ping_status":"closed","template":"","meta":[],"yoast_head":"<!-- This site is optimized with the Yoast SEO plugin v14.2 - https:\/\/yoast.com\/wordpress\/plugins\/seo\/ -->\n<title>- Caetano Coatings<\/title>\n<meta name=\"robots\" content=\"index, follow\" \/>\n<meta name=\"googlebot\" content=\"index, follow, max-snippet:-1, max-image-preview:large, max-video-preview:-1\" \/>\n<meta name=\"bingbot\" content=\"index, follow, max-snippet:-1, max-image-preview:large, max-video-preview:-1\" \/>\n<link rel=\"canonical\" href=\"https:\/\/www.caetanocoatings.pt\/18808-2\/\" \/>\n<meta property=\"og:locale\" content=\"pt_PT\" \/>\n<meta property=\"og:type\" content=\"article\" \/>\n<meta property=\"og:title\" content=\"- Caetano Coatings\" \/>\n<meta property=\"og:description\" content=\"Desculpe, este conte\u00fado s\u00f3 est\u00e1 dispon\u00edvel em Ingl\u00eas (Eua).\" \/>\n<meta property=\"og:url\" content=\"https:\/\/www.caetanocoatings.pt\/18808-2\/\" \/>\n<meta property=\"og:site_name\" content=\"Caetano Coatings\" \/>\n<meta name=\"twitter:card\" content=\"summary_large_image\" \/>\n<script type=\"application\/ld+json\" class=\"yoast-schema-graph\">{\"@context\":\"https:\/\/schema.org\",\"@graph\":[{\"@type\":\"WebSite\",\"@id\":\"https:\/\/www.caetanocoatings.pt\/pt\/#website\",\"url\":\"https:\/\/www.caetanocoatings.pt\/pt\/\",\"name\":\"Caetano Coatings\",\"description\":\"Covering your ideias\",\"potentialAction\":[{\"@type\":\"SearchAction\",\"target\":\"https:\/\/www.caetanocoatings.pt\/pt\/?s={search_term_string}\",\"query-input\":\"required name=search_term_string\"}],\"inLanguage\":\"pt-PT\"},{\"@type\":\"WebPage\",\"@id\":\"https:\/\/www.caetanocoatings.pt\/18808-2\/#webpage\",\"url\":\"https:\/\/www.caetanocoatings.pt\/18808-2\/\",\"name\":\"- Caetano Coatings\",\"isPartOf\":{\"@id\":\"https:\/\/www.caetanocoatings.pt\/pt\/#website\"},\"datePublished\":\"2020-11-16T17:52:43+00:00\",\"dateModified\":\"2020-11-16T17:52:43+00:00\",\"inLanguage\":\"pt-PT\",\"potentialAction\":[{\"@type\":\"ReadAction\",\"target\":[\"https:\/\/www.caetanocoatings.pt\/18808-2\/\"]}]}]}<\/script>\n<!-- \/ Yoast SEO plugin. -->","_links":{"self":[{"href":"https:\/\/www.caetanocoatings.pt\/pt\/wp-json\/wp\/v2\/pages\/18808"}],"collection":[{"href":"https:\/\/www.caetanocoatings.pt\/pt\/wp-json\/wp\/v2\/pages"}],"about":[{"href":"https:\/\/www.caetanocoatings.pt\/pt\/wp-json\/wp\/v2\/types\/page"}],"author":[{"embeddable":true,"href":"https:\/\/www.caetanocoatings.pt\/pt\/wp-json\/wp\/v2\/users\/1"}],"replies":[{"embeddable":true,"href":"https:\/\/www.caetanocoatings.pt\/pt\/wp-json\/wp\/v2\/comments?post=18808"}],"version-history":[{"count":5,"href":"https:\/\/www.caetanocoatings.pt\/pt\/wp-json\/wp\/v2\/pages\/18808\/revisions"}],"predecessor-version":[{"id":18813,"href":"https:\/\/www.caetanocoatings.pt\/pt\/wp-json\/wp\/v2\/pages\/18808\/revisions\/18813"}],"wp:attachment":[{"href":"https:\/\/www.caetanocoatings.pt\/pt\/wp-json\/wp\/v2\/media?parent=18808"}],"curies":[{"name":"wp","href":"https:\/\/api.w.org\/{rel}","templated":true}]}}